{"id":467,"date":"2019-04-23T21:27:45","date_gmt":"2019-04-23T19:27:45","guid":{"rendered":"https:\/\/2019.catania.wordcamp.org\/?page_id=467"},"modified":"2019-05-06T23:48:05","modified_gmt":"2019-05-06T21:48:05","slug":"about","status":"publish","type":"page","link":"https:\/\/catania.wordcamp.org\/2019\/about\/","title":{"rendered":"Cos\u2019\u00e8 un WordCamp?"},"content":{"rendered":"\n<div style=\"height:35px\" aria-hidden=\"true\" class=\"wp-block-spacer\"><\/div>\n\n\n\n<p>I WordCamp sono eventi dedicati a WordPress &#8211; la piattaforma di publishing pi\u00f9 usata al mondo -, organizzati dalle comunit\u00e0 locali di utenti. A seconda della citt\u00e0, un WordCamp avr\u00e0 da 50 a 1000 partecipanti, tra appassionati ed esperti da tutto il mondo che <strong>condividono<\/strong> le proprie conoscenze e si confrontano su tecnologie, strumenti, servizi, e tutto quanto ruota intorno a WordPress e, in termini pi\u00f9 allargati, rispetto all\u2019evoluzione delle tecnologie Web.<\/p>\n\n\n\n<p>Il primo WordCamp si \u00e8 svolto nel 2006 a San Francisco ottenendo un grandissimo successo diventando una parte fondamentale dell&#8217;esperienza WordPress per molte persone in tutto il mondo.<\/p>\n\n\n\n<p>Esistono inoltre due grandi eventi che si svolgono annualmente: WordCamp Europe e WordCamp USA che raggruppano rispettivamente le comunit\u00e0 locali. Questi eventi attraggono migliaia di partecipanti provenienti da tutto il mondo e la loro location varia di anno in anno.<\/p>\n\n\n\n<p>Un WordCamp ha tra i suoi scopi quello di <strong>migliorare la propria esperienza nell\u2019uso di WordPress<\/strong> e far conoscere ed espandere la community che contribuisce a WordPress stesso. Ci saranno una o pi\u00f9 giornate dedicate a WordPress e alla sua Community nelle quale avrai l\u2019opportunit\u00e0 di affrontare diversi argomenti e conoscere tante persone e la loro esperienza. Potrai inoltre condividere la tua, e aiutare chi \u00e8 alle prime armi.<\/p>\n\n\n\n<p>I WordCamp richiedono molto lavoro e diverse settimane di preparazione, lavoro svolto dalla comunit\u00e0 locale che, come il resto della community, \u00e8 interamente <strong>formata da volontari<\/strong>. Il giorno dell\u2019evento troverai un\u2019intera squadra di persone dedicata a rendere la giornata piacevole e il pi\u00f9 produttiva possibile.<\/p>\n\n\n\n<h2 class=\"wp-block-heading\">Per chi \u00e8 un WordCamp?<br><\/h2>\n\n\n\n<p>L\u2019evento \u00e8 rivolto a tutti quelli che, a qualsiasi livello, abbiano un interesse per WordPress: blogger, creatori di contenuti, SEO, progettisti, marketer, sviluppatori, sponsor, designer, proprietari di siti, appassionati, curiosi ed esperti di WordPress, ma non solo!<\/p>\n\n\n\n<p>A questi eventi pu\u00f2 partecipare anche chi \u00e8 alle prime armi e lavora (o vuole lavorare) sul web.<\/p>\n\n\n\n<p>I WordCamp sono eventi dedicati a tutti coloro che vogliono condividere, collaborare, imparare qualcosa di nuovo, aggiornarsi sull\u2019avanzamento tecnologico, scambiarsi informazioni ed esperienze, fare nuove amicizie e trovare collaboratori per nuovi progetti. Tutto riguardo al mondo di WordPress.<\/p>\n\n\n\n<p>Se ti sei riconosciuto in alcuni di questi aspetti puoi essere sicuro che un WordCamp \u00e8 l\u2019evento che fa per te!<\/p>\n\n\n\n<h2 class=\"wp-block-heading\">Cosa aspettarsi da un WordCamp?<\/h2>\n\n\n\n<p>Una giornata intera per arricchirti, sorprenderti e occupare bene il tempo!<\/p>\n\n\n\n<p>Imparare, conoscere, crescere, formarsi e informarsi, sono soltanto alcune delle tante possibilit\u00e0 che un WordCamp pu\u00f2 offrire.<\/p>\n\n\n\n<p>Con tanto spazio per il networking!<\/p>\n\n\n\n<p>A questi eventi troverai persone interessanti con le quali \u00e8 possibile iniziare delle collaborazioni che potrebbero portare a dei business di successo.<\/p>\n\n\n\n<p>I WordCamp, per\u00f2, non sono soltanto occasioni di business o networking, sono anche momenti dove si ritrovano amici lontani con cui si \u00e8 collaborato a distanza durante l\u2019anno.<\/p>\n\n\n\n<p>C\u2019\u00e8 un motivo per tutti per partecipare a un WordCamp!<\/p>\n","protected":false},"excerpt":{"rendered":"<p>I WordCamp sono eventi dedicati a WordPress &#8211; la piattaforma di publishing pi\u00f9 usata al mondo -, organizzati dalle comunit\u00e0 locali di utenti. A seconda della citt\u00e0, un WordCamp avr\u00e0 da 50 a 1000 partecipanti, tra appassionati ed esperti da tutto il mondo che condividono le proprie conoscenze e si confrontano su tecnologie, strumenti, servizi, &hellip; <\/p>\n<p class=\"link-more\"><a href=\"https:\/\/catania.wordcamp.org\/2019\/about\/\" class=\"more-link\">Leggi tutto<span class=\"screen-reader-text\"> &#8220;Cos\u2019\u00e8 un WordCamp?&#8221;<\/span><\/a><\/p>\n","protected":false},"author":7974399,"featured_media":0,"parent":0,"menu_order":0,"comment_status":"closed","ping_status":"closed","template":"","meta":{"jetpack_post_was_ever_published":false,"footnotes":""},"class_list":["post-467","page","type-page","status-publish","hentry"],"jetpack_sharing_enabled":true,"jetpack_shortlink":"https:\/\/wp.me\/Pa49y0-7x","_links":{"self":[{"href":"https:\/\/catania.wordcamp.org\/2019\/wp-json\/wp\/v2\/pages\/467","targetHints":{"allow":["GET"]}}],"collection":[{"href":"https:\/\/catania.wordcamp.org\/2019\/wp-json\/wp\/v2\/pages"}],"about":[{"href":"https:\/\/catania.wordcamp.org\/2019\/wp-json\/wp\/v2\/types\/page"}],"author":[{"embeddable":true,"href":"https:\/\/catania.wordcamp.org\/2019\/wp-json\/wp\/v2\/users\/7974399"}],"replies":[{"embeddable":true,"href":"https:\/\/catania.wordcamp.org\/2019\/wp-json\/wp\/v2\/comments?post=467"}],"version-history":[{"count":6,"href":"https:\/\/catania.wordcamp.org\/2019\/wp-json\/wp\/v2\/pages\/467\/revisions"}],"predecessor-version":[{"id":708,"href":"https:\/\/catania.wordcamp.org\/2019\/wp-json\/wp\/v2\/pages\/467\/revisions\/708"}],"wp:attachment":[{"href":"https:\/\/catania.wordcamp.org\/2019\/wp-json\/wp\/v2\/media?parent=467"}],"curies":[{"name":"wp","href":"https:\/\/api.w.org\/{rel}","templated":true}]}}