{"id":1511,"date":"2019-09-02T19:24:23","date_gmt":"2019-09-02T17:24:23","guid":{"rendered":"https:\/\/2019.catania.wordcamp.org\/?page_id=1511"},"modified":"2019-09-12T14:03:37","modified_gmt":"2019-09-12T12:03:37","slug":"media-partners","status":"publish","type":"page","link":"https:\/\/catania.wordcamp.org\/2019\/media-partners\/","title":{"rendered":"Media Partners"},"content":{"rendered":"\n<p>Oltre agli <a href=\"https:\/\/2019.catania.wordcamp.org\/sponsors\/\">Sponsors<\/a>, ad aiutarci ci sono anche i <strong>Media Partner<\/strong> che ci aiuteranno nella divulgazione dell&#8217;evento tramite vari canali social e non.<\/p>\n\n\n\n<p>Il loro contributo \u00e8 importante per l&#8217;evento affinch\u00e8 la conoscenza venga ampliata a quanta pi\u00f9 gente possibile, in particolar modo locale. Grazie!<\/p>\n\n\n\n<p>Ecco chi sono:<\/p>\n\n\n\n<div class=\"wp-block-columns has-3-columns is-layout-flex wp-container-core-columns-is-layout-9d6595d7 wp-block-columns-is-layout-flex\">\n<div class=\"wp-block-column is-layout-flow wp-block-column-is-layout-flow\">\n<figure class=\"wp-block-image\"><a href=\"https:\/\/www.facebook.com\/youthhubcatania\/\" target=\"_blank\" rel=\"noreferrer noopener\"><img loading=\"lazy\" decoding=\"async\" width=\"1024\" height=\"512\" src=\"https:\/\/2019.catania.wordcamp.org\/files\/2019\/09\/yhct-jpg-1024x512.jpg\" alt=\"\" class=\"wp-image-1514\" srcset=\"https:\/\/catania.wordcamp.org\/2019\/files\/2019\/09\/yhct-jpg-1024x512.jpg 1024w, https:\/\/catania.wordcamp.org\/2019\/files\/2019\/09\/yhct-jpg-300x150.jpg 300w, https:\/\/catania.wordcamp.org\/2019\/files\/2019\/09\/yhct-jpg-768x384.jpg 768w, https:\/\/catania.wordcamp.org\/2019\/files\/2019\/09\/yhct-jpg-500x250.jpg 500w\" sizes=\"auto, (max-width: 767px) 89vw, (max-width: 1000px) 54vw, (max-width: 1071px) 543px, 580px\" \/><\/a><\/figure>\n<\/div>\n\n\n\n<div class=\"wp-block-column is-layout-flow wp-block-column-is-layout-flow\">\n<div style=\"height:50px\" aria-hidden=\"true\" class=\"wp-block-spacer\"><\/div>\n\n\n\n<figure class=\"wp-block-image\"><a href=\"https:\/\/www.wcap.tim.it\/it\/hub\/catania\" target=\"_blank\" rel=\"noreferrer noopener\"><img loading=\"lazy\" decoding=\"async\" width=\"168\" height=\"35\" src=\"https:\/\/2019.catania.wordcamp.org\/files\/2019\/09\/logowcap.png\" alt=\"\" class=\"wp-image-1626\" \/><\/a><\/figure>\n<\/div>\n\n\n\n<div class=\"wp-block-column is-layout-flow wp-block-column-is-layout-flow\">\n<figure class=\"wp-block-image\"><a href=\"http:\/\/palestraperlamente.org\" target=\"_blank\" rel=\"noreferrer noopener\"><img loading=\"lazy\" decoding=\"async\" width=\"1024\" height=\"308\" src=\"https:\/\/2019.catania.wordcamp.org\/files\/2019\/09\/Logo-PPM-grande-1024x308.png\" alt=\"\" class=\"wp-image-1617\" srcset=\"https:\/\/catania.wordcamp.org\/2019\/files\/2019\/09\/Logo-PPM-grande-1024x308.png 1024w, https:\/\/catania.wordcamp.org\/2019\/files\/2019\/09\/Logo-PPM-grande-300x90.png 300w, https:\/\/catania.wordcamp.org\/2019\/files\/2019\/09\/Logo-PPM-grande-768x231.png 768w, https:\/\/catania.wordcamp.org\/2019\/files\/2019\/09\/Logo-PPM-grande-500x150.png 500w, https:\/\/catania.wordcamp.org\/2019\/files\/2019\/09\/Logo-PPM-grande.png 1144w\" sizes=\"auto, (max-width: 767px) 89vw, (max-width: 1000px) 54vw, (max-width: 1071px) 543px, 580px\" \/><\/a><\/figure>\n<\/div>\n<\/div>\n\n\n\n<div class=\"wp-block-columns has-3-columns is-layout-flex wp-container-core-columns-is-layout-9d6595d7 wp-block-columns-is-layout-flex\">\n<div class=\"wp-block-column is-layout-flow wp-block-column-is-layout-flow\">\n<figure class=\"wp-block-image\"><a href=\"http:\/\/www.remoteworkers.it\/catania\/\" target=\"_blank\" rel=\"noreferrer noopener\"><img loading=\"lazy\" decoding=\"async\" width=\"2000\" height=\"2000\" src=\"https:\/\/i2.wp.com\/2019.catania.wordcamp.org\/files\/2019\/09\/31739930_175934306564427_2541672714179969024_o.png?fit=525%2C525&amp;ssl=1\" alt=\"\" class=\"wp-image-1516\" srcset=\"https:\/\/catania.wordcamp.org\/2019\/files\/2019\/09\/31739930_175934306564427_2541672714179969024_o.png 2000w, https:\/\/catania.wordcamp.org\/2019\/files\/2019\/09\/31739930_175934306564427_2541672714179969024_o-150x150.png 150w, https:\/\/catania.wordcamp.org\/2019\/files\/2019\/09\/31739930_175934306564427_2541672714179969024_o-300x300.png 300w, https:\/\/catania.wordcamp.org\/2019\/files\/2019\/09\/31739930_175934306564427_2541672714179969024_o-768x768.png 768w, https:\/\/catania.wordcamp.org\/2019\/files\/2019\/09\/31739930_175934306564427_2541672714179969024_o-1024x1024.png 1024w, https:\/\/catania.wordcamp.org\/2019\/files\/2019\/09\/31739930_175934306564427_2541672714179969024_o-100x100.png 100w\" sizes=\"auto, (max-width: 767px) 89vw, (max-width: 1000px) 54vw, (max-width: 1071px) 543px, 580px\" \/><\/a><\/figure>\n<\/div>\n\n\n\n<div class=\"wp-block-column is-layout-flow wp-block-column-is-layout-flow\">\n<figure class=\"wp-block-image\"><a href=\"http:\/\/www.peripericatania.it\" target=\"_blank\" rel=\"noreferrer noopener\"><img loading=\"lazy\" decoding=\"async\" width=\"300\" height=\"300\" src=\"https:\/\/2019.catania.wordcamp.org\/files\/2019\/09\/periperi-logo-fb-300x300.png\" alt=\"\" class=\"wp-image-1619\" srcset=\"https:\/\/catania.wordcamp.org\/2019\/files\/2019\/09\/periperi-logo-fb-300x300.png 300w, https:\/\/catania.wordcamp.org\/2019\/files\/2019\/09\/periperi-logo-fb-150x150.png 150w, https:\/\/catania.wordcamp.org\/2019\/files\/2019\/09\/periperi-logo-fb-100x100.png 100w, https:\/\/catania.wordcamp.org\/2019\/files\/2019\/09\/periperi-logo-fb.png 709w\" sizes=\"auto, (max-width: 300px) 100vw, 300px\" \/><\/a><\/figure>\n<\/div>\n\n\n\n<div class=\"wp-block-column is-layout-flow wp-block-column-is-layout-flow\">\n<figure class=\"wp-block-image\"><a href=\"https:\/\/www.lostrettodigitale.org\/\" target=\"_blank\" rel=\"noreferrer noopener\"><img decoding=\"async\" src=\"https:\/\/2019.catania.wordcamp.org\/files\/2019\/09\/62143767_717580188699426_8094704264108048384_n.png\" alt=\"\" class=\"wp-image-1515\" \/><\/a><\/figure>\n<\/div>\n<\/div>\n\n\n\n<div class=\"wp-block-columns has-3-columns is-layout-flex wp-container-core-columns-is-layout-9d6595d7 wp-block-columns-is-layout-flex\">\n<div class=\"wp-block-column is-layout-flow wp-block-column-is-layout-flow\">\n<figure class=\"wp-block-image\"><a href=\"https:\/\/www.facebook.com\/wtmcatania\" target=\"_blank\" rel=\"noreferrer noopener\"><img loading=\"lazy\" decoding=\"async\" width=\"318\" height=\"318\" src=\"https:\/\/2019.catania.wordcamp.org\/files\/2019\/09\/WTMCATANIA-LOGO.png\" alt=\"\" class=\"wp-image-1640\" srcset=\"https:\/\/catania.wordcamp.org\/2019\/files\/2019\/09\/WTMCATANIA-LOGO.png 318w, https:\/\/catania.wordcamp.org\/2019\/files\/2019\/09\/WTMCATANIA-LOGO-150x150.png 150w, https:\/\/catania.wordcamp.org\/2019\/files\/2019\/09\/WTMCATANIA-LOGO-300x300.png 300w, https:\/\/catania.wordcamp.org\/2019\/files\/2019\/09\/WTMCATANIA-LOGO-100x100.png 100w\" sizes=\"auto, (max-width: 318px) 100vw, 318px\" \/><\/a><\/figure>\n<\/div>\n\n\n\n<div class=\"wp-block-column is-layout-flow wp-block-column-is-layout-flow\">\n<figure class=\"wp-block-image\"><a href=\"https:\/\/www.facebook.com\/WordPressMeetupCatania\/\" target=\"_blank\" rel=\"noreferrer noopener\"><img loading=\"lazy\" decoding=\"async\" width=\"1024\" height=\"1024\" src=\"https:\/\/2019.catania.wordcamp.org\/files\/2019\/09\/Logo_def_def-1-1024x1024.png\" alt=\"\" class=\"wp-image-1641\" srcset=\"https:\/\/catania.wordcamp.org\/2019\/files\/2019\/09\/Logo_def_def-1-1024x1024.png 1024w, https:\/\/catania.wordcamp.org\/2019\/files\/2019\/09\/Logo_def_def-1-150x150.png 150w, https:\/\/catania.wordcamp.org\/2019\/files\/2019\/09\/Logo_def_def-1-300x300.png 300w, https:\/\/catania.wordcamp.org\/2019\/files\/2019\/09\/Logo_def_def-1-768x768.png 768w, https:\/\/catania.wordcamp.org\/2019\/files\/2019\/09\/Logo_def_def-1-100x100.png 100w\" sizes=\"auto, (max-width: 767px) 89vw, (max-width: 1000px) 54vw, (max-width: 1071px) 543px, 580px\" \/><\/a><\/figure>\n<\/div>\n\n\n\n<div class=\"wp-block-column is-layout-flow wp-block-column-is-layout-flow\"><\/div>\n<\/div>\n","protected":false},"excerpt":{"rendered":"<p>Oltre agli Sponsors, ad aiutarci ci sono anche i Media Partner che ci aiuteranno nella divulgazione dell&#8217;evento tramite vari canali social e non. Il loro contributo \u00e8 importante per l&#8217;evento affinch\u00e8 la conoscenza venga ampliata a quanta pi\u00f9 gente possibile, in particolar modo locale. Grazie! Ecco chi sono:<\/p>\n","protected":false},"author":7974399,"featured_media":0,"parent":0,"menu_order":0,"comment_status":"closed","ping_status":"closed","template":"","meta":{"jetpack_post_was_ever_published":false,"footnotes":""},"class_list":["post-1511","page","type-page","status-publish","hentry"],"jetpack_sharing_enabled":true,"jetpack_shortlink":"https:\/\/wp.me\/Pa49y0-on","_links":{"self":[{"href":"https:\/\/catania.wordcamp.org\/2019\/wp-json\/wp\/v2\/pages\/1511","targetHints":{"allow":["GET"]}}],"collection":[{"href":"https:\/\/catania.wordcamp.org\/2019\/wp-json\/wp\/v2\/pages"}],"about":[{"href":"https:\/\/catania.wordcamp.org\/2019\/wp-json\/wp\/v2\/types\/page"}],"author":[{"embeddable":true,"href":"https:\/\/catania.wordcamp.org\/2019\/wp-json\/wp\/v2\/users\/7974399"}],"replies":[{"embeddable":true,"href":"https:\/\/catania.wordcamp.org\/2019\/wp-json\/wp\/v2\/comments?post=1511"}],"version-history":[{"count":7,"href":"https:\/\/catania.wordcamp.org\/2019\/wp-json\/wp\/v2\/pages\/1511\/revisions"}],"predecessor-version":[{"id":1642,"href":"https:\/\/catania.wordcamp.org\/2019\/wp-json\/wp\/v2\/pages\/1511\/revisions\/1642"}],"wp:attachment":[{"href":"https:\/\/catania.wordcamp.org\/2019\/wp-json\/wp\/v2\/media?parent=1511"}],"curies":[{"name":"wp","href":"https:\/\/api.w.org\/{rel}","templated":true}]}}