{"id":12,"date":"2018-07-09T20:00:54","date_gmt":"2018-07-09T20:00:54","guid":{"rendered":"https:\/\/2019.catania.wordcamp.org\/organizers\/"},"modified":"2019-04-23T18:33:28","modified_gmt":"2019-04-23T16:33:28","slug":"organizzatori","status":"publish","type":"page","link":"https:\/\/catania.wordcamp.org\/2019\/organizzatori\/","title":{"rendered":"Organizzatori"},"content":{"rendered":"\t<div class=\"wcorg-organizers\">\n\n\t\t\n\t\t\t<div class=\"wcorg-organizer\">\n\t\t\t\t<h2>Francesco Grasso<\/h2>\n\t\t\t\t<div class=\"wcorg-organizer-description\">\n\t\t\t\t\t\t\t\t\t\t<img alt='' src='https:\/\/secure.gravatar.com\/avatar\/960acbf050d76c6679990cf6e06a9e3a55e6fc861847df0e3167f041150bc4b3?s=100&#038;d=mm&#038;r=g' srcset='https:\/\/secure.gravatar.com\/avatar\/960acbf050d76c6679990cf6e06a9e3a55e6fc861847df0e3167f041150bc4b3?s=200&#038;d=mm&#038;r=g 2x' class='avatar avatar-100 photo' height='100' width='100' \/>\t\t\t\t\t\n<h4 class=\"wp-block-heading\">Leader &amp; Budget<\/h4>\n\n\n\n<p>Web Developer col cuore che batte per WP. Questa potrebbe essere una definizione che mi calza a pennello. <\/p>\n\n\n\n<p>Faccio parte del team italiano YITH occupandomi di sviluppo, performance e formazione.<\/p>\n\n\n\n<p>All&#8217;interno della community italiana WordPress mi occupo di mantenere attivo il WordPress Meetup Catania, partecipo a tutti gli eventi di settore ed i WordCamp che mi sono possibili (italiani e non) e sono organizzatore del <strong>WordCamp Catania 2019<\/strong>.<br><\/p>\n\n\n\n<p>Mi reputo un grande promotore delle community locali cercando, nel mio piccolo, di collaborare con tutte le community legate a sviluppo e smart working che rendono vivo il territorio, avvicinandole al mondo WordPress.<\/p>\n\t\t\t\t<\/div>\n\t\t\t<\/div>\n\n\t\t\n\t\t\t<div class=\"wcorg-organizer\">\n\t\t\t\t<h2>Antonino Scarf\u00ec<\/h2>\n\t\t\t\t<div class=\"wcorg-organizer-description\">\n\t\t\t\t\t\t\t\t\t\t<img alt='' src='https:\/\/secure.gravatar.com\/avatar\/ac42351a9139dc39f4d5f3e5e60a936668d46c7685a192ef44fd924f79e97242?s=100&#038;d=mm&#038;r=g' srcset='https:\/\/secure.gravatar.com\/avatar\/ac42351a9139dc39f4d5f3e5e60a936668d46c7685a192ef44fd924f79e97242?s=200&#038;d=mm&#038;r=g 2x' class='avatar avatar-100 photo' height='100' width='100' \/>\t\t\t\t\t\n<h4 class=\"wp-block-heading\">Website &amp; Volontari<\/h4>\n\n\n\n<p>Sviluppatore WordPress da circa 8 anni e sempre alla scoperta di nuove tecnologie, linguaggi e approcci moderni a WordPress e alla programmazione in generale. <\/p>\n\n\n\n<p>Vive il lavoro come una passione ed \u00e8 da sempre entusiasta della novit\u00e0 e della scoperta. <\/p>\n\n\n\n<p>Forte propensione verso il lavoro in team e sempre aggiornato sui migliori strumenti per la comunicazione e organizzazione del lavoro. <\/p>\n\n\n\n<p>Tastierista nel tempo libero!<\/p>\n\t\t\t\t<\/div>\n\t\t\t<\/div>\n\n\t\t\n\t\t\t<div class=\"wcorg-organizer\">\n\t\t\t\t<h2>Giuseppe Madaudo<\/h2>\n\t\t\t\t<div class=\"wcorg-organizer-description\">\n\t\t\t\t\t\t\t\t\t\t<img alt='' src='https:\/\/secure.gravatar.com\/avatar\/183296500f0efcf16111e659aeff459a4b72a44ce1ea57290249913b334f6efb?s=100&#038;d=mm&#038;r=g' srcset='https:\/\/secure.gravatar.com\/avatar\/183296500f0efcf16111e659aeff459a4b72a44ce1ea57290249913b334f6efb?s=200&#038;d=mm&#038;r=g 2x' class='avatar avatar-100 photo' height='100' width='100' \/>\t\t\t\t\t\n<h4 class=\"wp-block-heading\">Venue Logistic &amp; Food &amp; After Party &amp; Grafica<\/h4>\n\n\n\n<p>Ingegnere Informatico con un\u2019immensa passione per l\u2019application forensics. Amante del web e di tutto il suo ecosistema, penso che<em> se qualcosa non funziona come vuoi tu, non \u00e8 detto che sia inutile<\/em>. <\/p>\n\n\n\n<p>Innate doti nella risoluzione dei problemi pi\u00f9 disparati mi portano ad essere il capo del supporto di YITH.  <\/p>\n\n\n\n<p>WordPress lover, ho partecipato a diversi WordCamp in Italia e nel mondo, collaboro con la comunit\u00e0 locale per l&#8217;organizzazione del WordPress Meetup Catania.<\/p>\n\n\n\n<p>Ora basta&#8230;sapete pure troppo di me \ud83d\ude00 ci vediamo al WordCamp Catania. <\/p>\n\t\t\t\t<\/div>\n\t\t\t<\/div>\n\n\t\t\n\t\t\t<div class=\"wcorg-organizer\">\n\t\t\t\t<h2>Emanuela Castorina<\/h2>\n\t\t\t\t<div class=\"wcorg-organizer-description\">\n\t\t\t\t\t\t\t\t\t\t<img alt='' src='https:\/\/secure.gravatar.com\/avatar\/dee4368c630eacf864667609711f1d10b2a32d41a4eb428c3b9f2d5d4d72337f?s=100&#038;d=mm&#038;r=g' srcset='https:\/\/secure.gravatar.com\/avatar\/dee4368c630eacf864667609711f1d10b2a32d41a4eb428c3b9f2d5d4d72337f?s=200&#038;d=mm&#038;r=g 2x' class='avatar avatar-100 photo' height='100' width='100' \/>\t\t\t\t\t\n<h4 class=\"wp-block-heading\">Grafica<\/h4>\n\n\n\n<p>Incorniciata la laurea in Fisica nel 2001, ho iniziato a mettere in pratica la mia passione per la programmazione web. <br>Oggi faccio parte del gruppo di sviluppatori di YITH,  occupandomi principalmente della realizzazione e mantenimento di plugin.<\/p>\n\n\n\n<p>Il mio primo incontro con WordPress \u00e8 stato nel 2006, da allora l&#8217;ho visto crescere e trasformarsi grazie alla gruppo di sviluppatori che lo sostiene. Anche io, nel mio piccolo, ho dato il mio contributo creando temi e plugin per la community.<\/p>\n\n\n\n<p>Questo WordCamp per me rappresenta la prima esperienza come organizzatrice e viverla qui a Catania, la mia citt\u00e0, la rende ancora pi\u00f9 bella!<\/p>\n\t\t\t\t<\/div>\n\t\t\t<\/div>\n\n\t\t\n\t\t\t<div class=\"wcorg-organizer\">\n\t\t\t\t<h2>Giorgia Castro<\/h2>\n\t\t\t\t<div class=\"wcorg-organizer-description\">\n\t\t\t\t\t\t\t\t\t\t<img alt='' src='https:\/\/secure.gravatar.com\/avatar\/e1c2cf64705123a856dcbf22f0c2eec7c7b1b4a1feab295e4e7261315ed8e62a?s=100&#038;d=mm&#038;r=g' srcset='https:\/\/secure.gravatar.com\/avatar\/e1c2cf64705123a856dcbf22f0c2eec7c7b1b4a1feab295e4e7261315ed8e62a?s=200&#038;d=mm&#038;r=g 2x' class='avatar avatar-100 photo' height='100' width='100' \/>\t\t\t\t\t\r\n<h4 class=\"wp-block-heading\">Sponsor<\/h4>\r\n\r\n\r\n\r\n<p>Grafica freelance dal 2008, mi son avvicinata al web attraverso WordPress e son rimasta affascinata dalla community che gli gira intorno: ho conosciuto persone fantastiche, condiviso competenze, avviato nuove collaborazioni e imparato un sacco di cose nuove per me. E non solo questo, ho anche stretto delle bellissime amicizie. Come direbbe George\u2026 WHAT ELSE?<br \/>Sono tra i membri del WordPress Verona Meetup (ma non mi perdo anche quelli nei paraggi quando posso), mi diletto a collaborare con il team Polyglots (se verrai al Contributor Day te ne innamorerai anche tu) e faccio la volontaria in tutti i WordCamp cui riesco a partecipare: ho all\u2019attivo Roma (2 volte), Torino, Belgrado e Londra (ogni occasione \u00e8 un fantastico viaggio).<br \/>Nel 2018 ho partecipato all\u2019organizzazione del primo WordCamp Verona e son talmente \u201clanciata\u201d che quest\u2019anno son nel team organizzativo di WordCamp Verona, WordCamp Catania (il primo in Sicilia!!) e WordCamp Milano.<\/p>\t\t\t\t<\/div>\n\t\t\t<\/div>\n\n\t\t\n\t\t\t<div class=\"wcorg-organizer\">\n\t\t\t\t<h2>Angelo N. Venturelli<\/h2>\n\t\t\t\t<div class=\"wcorg-organizer-description\">\n\t\t\t\t\t\t\t\t\t\t<img alt='' src='https:\/\/secure.gravatar.com\/avatar\/eebe3bb026725b98396ba3aef737298b314a1120043c4f06109af828471b6fd4?s=100&#038;d=mm&#038;r=g' srcset='https:\/\/secure.gravatar.com\/avatar\/eebe3bb026725b98396ba3aef737298b314a1120043c4f06109af828471b6fd4?s=200&#038;d=mm&#038;r=g 2x' class='avatar avatar-100 photo' height='100' width='100' \/>\t\t\t\t\t\n<h4 class=\"wp-block-heading\">Comunicazione Social &amp; Contenuti<\/h4>\n\n\n\n<blockquote class=\"wp-block-quote is-layout-flow wp-block-quote-is-layout-flow\"><p>&#8220;Non puoi giocare a palla o con i Lego come fanno tutti gli altri bambini? Perch\u00e9 devi smantellare i giochi elettronici? Perch\u00e9 ti ostini a voler sapere cosa c&#8217;\u00e8 dentro?&#8221; &#8211; Cit. la mamma<\/p><\/blockquote>\n\n\n\n<p>Appassionato da sempre di tecnologia ed affamato di sapere, ha subito trovato spazio all&#8217;interno di diverse aziende come developer, poi come graphic designer, per poi innamorarsi del digital marketing. <\/p>\n\n\n\n<p>Oggi pare di aver trovato la pace dei sensi, lavorando per <em><strong>Specialisti Digitali<\/strong><\/em><strong>.<\/strong><\/p>\n\n\n\n<p>E&#8217; ormai diventato un assiduo frequentatore del <strong>WordPress Meetup Catania<\/strong> (dove riesce, aiuta pure).<\/p>\n\n\n\n<p>Proprio grazie a quest&#8217;ultimo, ha conosciuto il <em>fantastico mondo di <strong>WordPress<\/strong><\/em> e tutto quello che gli gira intorno.<br>Felicissimo di poter dare il suo contributo nell&#8217;organizzazione del <strong>WordCamp Catania 2019 !<\/strong><\/p>\n\t\t\t\t<\/div>\n\t\t\t<\/div>\n\n\t\t\n\t<\/div><!-- .wcorg-organizers -->\n\t\n","protected":false},"excerpt":{"rendered":"","protected":false},"author":14230601,"featured_media":0,"parent":0,"menu_order":0,"comment_status":"closed","ping_status":"closed","template":"","meta":{"jetpack_post_was_ever_published":false,"footnotes":""},"class_list":["post-12","page","type-page","status-publish","hentry"],"jetpack_sharing_enabled":true,"jetpack_shortlink":"https:\/\/wp.me\/Pa49y0-c","_links":{"self":[{"href":"https:\/\/catania.wordcamp.org\/2019\/wp-json\/wp\/v2\/pages\/12","targetHints":{"allow":["GET"]}}],"collection":[{"href":"https:\/\/catania.wordcamp.org\/2019\/wp-json\/wp\/v2\/pages"}],"about":[{"href":"https:\/\/catania.wordcamp.org\/2019\/wp-json\/wp\/v2\/types\/page"}],"author":[{"embeddable":true,"href":"https:\/\/catania.wordcamp.org\/2019\/wp-json\/wp\/v2\/users\/14230601"}],"replies":[{"embeddable":true,"href":"https:\/\/catania.wordcamp.org\/2019\/wp-json\/wp\/v2\/comments?post=12"}],"version-history":[{"count":2,"href":"https:\/\/catania.wordcamp.org\/2019\/wp-json\/wp\/v2\/pages\/12\/revisions"}],"predecessor-version":[{"id":444,"href":"https:\/\/catania.wordcamp.org\/2019\/wp-json\/wp\/v2\/pages\/12\/revisions\/444"}],"wp:attachment":[{"href":"https:\/\/catania.wordcamp.org\/2019\/wp-json\/wp\/v2\/media?parent=12"}],"curies":[{"name":"wp","href":"https:\/\/api.w.org\/{rel}","templated":true}]}}