{"id":11,"date":"2018-07-09T20:00:54","date_gmt":"2018-07-09T20:00:54","guid":{"rendered":"https:\/\/2019.catania.wordcamp.org\/location\/"},"modified":"2019-09-17T17:27:55","modified_gmt":"2019-09-17T15:27:55","slug":"dove-e-quando","status":"publish","type":"page","link":"https:\/\/catania.wordcamp.org\/2019\/dove-e-quando\/","title":{"rendered":"Dove e quando"},"content":{"rendered":"\r\n<figure class=\"wp-block-image is-resized\"><img loading=\"lazy\" decoding=\"async\" class=\"wp-image-597\" src=\"https:\/\/2019.catania.wordcamp.org\/files\/2019\/05\/dove_wide.png\" alt=\"\" width=\"940\" height=\"350\" \/><\/figure>\r\n\r\n\r\n\r\n<p>Qui di seguito troverai tutte le informazioni riguardanti gli orari e su come raggiungere il WordCamp Catania 2019!<\/p>\r\n\t \t \r\n\r\n\r\n<h2 class=\"wp-block-heading\"><strong>Quando<\/strong><\/h2>\r\n\r\n\r\n\r\n<p>L\u2019evento si svolger\u00e0 in due giornate.<\/p>\r\n\r\n\r\n\r\n<p>Il\u00a0<strong>Contributor Day<\/strong>\u00a0si terr\u00e0\u00a0<strong>Venerd\u00ec 20 Settembre<\/strong>\u00a0a partire dalle ore\u00a0<strong>09:30<\/strong> e durer\u00e0 fino alle <strong>17:00<\/strong>.\u00a0<\/p>\r\n\r\n\r\n\r\n<p>Il\u00a0<strong>WordCamp<\/strong>\u00a0si terr\u00e0\u00a0<strong>Sabato 21 Settembre<\/strong>\u00a0a partire dalle ore\u00a0<strong>08:30<\/strong> con la registrazione dei partecipanti, mentre la conferenza partir\u00e0 alle <strong>09:30<\/strong> e terminer\u00e0 alle <strong>18:00<\/strong>.<\/p>\r\n\r\n\r\n\r\n<p>Il\u00a0<strong>21 Settembre<\/strong>, in serata a partire dalle<strong>\u00a019:30<\/strong>, ci sar\u00e0 l\u2019<strong>After Party<\/strong>!<br \/>Maggiori dettagli saranno comunicati al pi\u00f9 presto.<br \/>L\u2019After Party \u00e8 un\u2019ottima occasione per fare networking, conoscersi meglio e per continuare a divertirsi, perci\u00f2 non andare via subito, rimani con noi!<\/p>\r\n\r\n\r\n\r\n<p><strong>Entrambe le giornate, compreso l&#8217;After Party, si svolgeranno nella stessa location!<\/strong><\/p>\r\n\r\n\r\n\r\n<h2 class=\"wp-block-heading\"><strong>Dove<\/strong><\/h2>\r\n\r\n\r\n\r\n<p>Il WordCamp Catania 2019 sar\u00e0 ospitato presso il <a href=\"http:\/\/www.zoculture.it\">Z\u014d Centro Culture Contemporanee<\/a>.<br \/>La struttura \u00e8 attrezzata con Wi-Fi ad alta velocit\u00e0 e gli ampi spazi permetteranno all\u2019evento di svolgersi in maniera semplice e funzionale, garantendo a tutti i necessari comfort.<\/p>\r\n\r\n\r\n\r\n<ul class=\"wp-block-gallery columns-3 is-cropped wp-block-gallery-1 is-layout-flex wp-block-gallery-is-layout-flex\">\r\n<li class=\"blocks-gallery-item\">\r\n<figure><img loading=\"lazy\" decoding=\"async\" width=\"960\" height=\"640\" class=\"wp-image-524\" src=\"https:\/\/2019.catania.wordcamp.org\/files\/2019\/04\/zo-1.jpg\" alt=\"\" data-id=\"524\" data-link=\"https:\/\/2019.catania.wordcamp.org\/location\/zo-1\/\" srcset=\"https:\/\/catania.wordcamp.org\/2019\/files\/2019\/04\/zo-1.jpg 960w, https:\/\/catania.wordcamp.org\/2019\/files\/2019\/04\/zo-1-300x200.jpg 300w, https:\/\/catania.wordcamp.org\/2019\/files\/2019\/04\/zo-1-768x512.jpg 768w, https:\/\/catania.wordcamp.org\/2019\/files\/2019\/04\/zo-1-450x300.jpg 450w\" sizes=\"auto, (max-width: 767px) 89vw, (max-width: 1000px) 54vw, (max-width: 1071px) 543px, 580px\" \/><\/figure>\r\n<\/li>\r\n<li class=\"blocks-gallery-item\">\r\n<figure><img loading=\"lazy\" decoding=\"async\" width=\"1024\" height=\"768\" class=\"wp-image-525\" src=\"https:\/\/2019.catania.wordcamp.org\/files\/2019\/04\/zo-2-1024x768.jpg\" alt=\"\" data-id=\"525\" data-link=\"https:\/\/2019.catania.wordcamp.org\/location\/zo-2\/\" srcset=\"https:\/\/catania.wordcamp.org\/2019\/files\/2019\/04\/zo-2-1024x768.jpg 1024w, https:\/\/catania.wordcamp.org\/2019\/files\/2019\/04\/zo-2-300x225.jpg 300w, https:\/\/catania.wordcamp.org\/2019\/files\/2019\/04\/zo-2-768x576.jpg 768w, https:\/\/catania.wordcamp.org\/2019\/files\/2019\/04\/zo-2-400x300.jpg 400w, https:\/\/catania.wordcamp.org\/2019\/files\/2019\/04\/zo-2.jpg 1920w\" sizes=\"auto, (max-width: 767px) 89vw, (max-width: 1000px) 54vw, (max-width: 1071px) 543px, 580px\" \/><\/figure>\r\n<\/li>\r\n<li class=\"blocks-gallery-item\">\r\n<figure><img loading=\"lazy\" decoding=\"async\" width=\"1024\" height=\"683\" class=\"wp-image-526\" src=\"https:\/\/2019.catania.wordcamp.org\/files\/2019\/04\/zo-3-1024x683.jpg\" alt=\"\" data-id=\"526\" data-link=\"https:\/\/2019.catania.wordcamp.org\/location\/zo-3\/\" srcset=\"https:\/\/catania.wordcamp.org\/2019\/files\/2019\/04\/zo-3-1024x683.jpg 1024w, https:\/\/catania.wordcamp.org\/2019\/files\/2019\/04\/zo-3-300x200.jpg 300w, https:\/\/catania.wordcamp.org\/2019\/files\/2019\/04\/zo-3-768x512.jpg 768w, https:\/\/catania.wordcamp.org\/2019\/files\/2019\/04\/zo-3-450x300.jpg 450w, https:\/\/catania.wordcamp.org\/2019\/files\/2019\/04\/zo-3.jpg 1600w\" sizes=\"auto, (max-width: 767px) 89vw, (max-width: 1000px) 54vw, (max-width: 1071px) 543px, 580px\" \/><\/figure>\r\n<\/li>\r\n<\/ul>\r\n\r\n\r\n\r\n<p>Z\u014d Centro Culture Contemporane \u00e8 situato in Piazzale Rocco Chinnici 6, Catania.<\/p>\r\n\r\n\r\n<div class=\"googlemaps\">\n\t\t\t\t<iframe loading=\"lazy\" width=\"425\" height=\"350\" frameborder=\"0\" scrolling=\"no\" marginheight=\"0\" marginwidth=\"0\"  src=\"https:\/\/www.google.com\/maps\/embed?pb=!1m18!1m12!1m3!1d3164.909097281795!2d15.100541715787804!3d37.510062079808485!2m3!1f0!2f0!3f0!3m2!1i1024!2i768!4f13.1!3m3!1m2!1s0x1313fcca818f8447:0x31189975920d0b27!2sZ\u014d%20Centro%20Culture%20Contemporanee!5e0!3m2!1sit!2sit!4v1556381741353!5m2!1sit!2sit\"><\/iframe>\n\t\t\t<\/div>\n\r\n\r\n\r\n<h2 class=\"wp-block-heading\"><strong>Muoversi in citt\u00e0<\/strong><\/h2>\r\n\r\n\r\n\r\n<p>La location \u00e8 situata in un punto di snodo della citt\u00e0, vicino alla stazione centrale e alla metro che collega la citt\u00e0 al centro storico e alle vie principali della citt\u00e0.<\/p>\r\n\r\n\r\n\r\n<p>\u00c8 possibile muoversi in citt\u00e0 anche tramite le linee urbane gestiti da <strong>AMT<\/strong>. Il servizio di rete urbana \u00e8 presente anche nell&#8217;app <strong><a href=\"https:\/\/moovitapp.com\/index\/it\/mezzi_pubblici-Catania-2806\">Moovit.<\/a><\/strong><\/p>\r\n\r\n\r\n\r\n<p>\u00c8 presente inoltre servizio di taxi tramite l&#8217;app <strong><a href=\"https:\/\/it.mytaxi.com\/catania50\">MyTaxi<\/a>.<\/strong><\/p>\r\n\r\n\r\n\r\n<h2 class=\"wp-block-heading\"><strong>Come raggiungere la location<\/strong><\/h2>\r\n\r\n\r\n\r\n<p>Lo Zo Centro Multiculturale \u00e8 facilmente raggiungibile in ~8 minuti a piedi dalla stazione centrale, dove \u00e8 presente anche la fermata della metro e il capolinea per la linea urbana, oppure direttamente con la linea urbana 443 S2.<\/p>\r\n\r\n\r\n<div class=\"googlemaps\">\n\t\t\t\t<iframe loading=\"lazy\" width=\"425\" height=\"350\" frameborder=\"0\" scrolling=\"no\" marginheight=\"0\" marginwidth=\"0\"  src=\"https:\/\/www.google.com\/maps\/embed?pb=!1m28!1m12!1m3!1d3164.972165712571!2d15.098527915787724!3d37.50857462980878!2m3!1f0!2f0!3f0!3m2!1i1024!2i768!4f13.1!4m13!3e2!4m5!1s0x1313e3356d58d9ef:0x6365adc72364a5c6!2sStazione%20Catania%20Centrale,%20Piazza%20Papa%20Giovanni%20XXIII,%20Catania,%20CT!3m2!1d37.5067312!2d15.0999185!4m5!1s0x1313fcca818f8447:0x31189975920d0b27!2sZ\u014d%20Centro%20Culture%20Contemporanee,%20Piazzale%20Asia,%206,%2095129%20Catania%20CT!3m2!1d37.5100621!2d15.102730399999999!5e0!3m2!1sit!2sit!4v1556383324548!5m2!1sit!2sit\"><\/iframe>\n\t\t\t<\/div>\n\r\n\r\n\r\n<h2 class=\"wp-block-heading\"><strong>Come arrivare a Catania<\/strong><\/h2>\r\n\r\n\r\n\r\n<p><strong>In Aereo: <\/strong>l\u2019aeroporto <strong>Vincenzo Bellini di Catania<\/strong> (o <strong>Fontanarossa<\/strong>) dista meno di 10 km dal centro citt\u00e0, il che rende piuttosto agevoli i collegamenti sia con i trasporti pubblici che con un\u2019auto.<\/p>\r\n\r\n\r\n\r\n<p>Lo <strong>shuttle bus<\/strong> non \u00e8 il mezzo pi\u00f9 rapido ma \u00e8 decisamente conveniente e per questo \u00e8 la scelta pi\u00f9 popolare tra chi vuole una vacanza low cost; per chi preferisce il comfort o la libert\u00e0 di orari, taxi o auto a noleggio sono scelte migliori.<\/p>\r\n\r\n\r\n\r\n<p>L\u2019aeroporto \u00e8 collegato con la Stazione Centrale dei treni con:<\/p>\r\n\r\n\r\n\r\n<ul class=\"wp-block-list\">\r\n<li>Shuttle bus <strong>Alibus<\/strong> (~20-30 minuti)<\/li>\r\n<li>Taxi\/Auto (~10-20 minuti)<\/li>\r\n<\/ul>\r\n\r\n\r\n\r\n<p><strong>Treno<\/strong>: La stazione centrale \u00e8 situata in pieno centro citt\u00e0, molto vicina alla location dell&#8217;evento.<\/p>\r\n","protected":false},"excerpt":{"rendered":"<p>Qui di seguito troverai tutte le informazioni riguardanti gli orari e su come raggiungere il WordCamp Catania 2019! Quando L\u2019evento si svolger\u00e0 in due giornate. Il\u00a0Contributor Day\u00a0si terr\u00e0\u00a0Venerd\u00ec 20 Settembre\u00a0a partire dalle ore\u00a009:30 e durer\u00e0 fino alle 17:00.\u00a0 Il\u00a0WordCamp\u00a0si terr\u00e0\u00a0Sabato 21 Settembre\u00a0a partire dalle ore\u00a008:30 con la registrazione dei partecipanti, mentre la conferenza partir\u00e0 alle &hellip; <\/p>\n<p class=\"link-more\"><a href=\"https:\/\/catania.wordcamp.org\/2019\/dove-e-quando\/\" class=\"more-link\">Leggi tutto<span class=\"screen-reader-text\"> &#8220;Dove e quando&#8221;<\/span><\/a><\/p>\n","protected":false},"author":14230601,"featured_media":0,"parent":0,"menu_order":0,"comment_status":"closed","ping_status":"closed","template":"","meta":{"jetpack_post_was_ever_published":false,"footnotes":""},"class_list":["post-11","page","type-page","status-publish","hentry"],"jetpack_sharing_enabled":true,"jetpack_shortlink":"https:\/\/wp.me\/Pa49y0-b","_links":{"self":[{"href":"https:\/\/catania.wordcamp.org\/2019\/wp-json\/wp\/v2\/pages\/11","targetHints":{"allow":["GET"]}}],"collection":[{"href":"https:\/\/catania.wordcamp.org\/2019\/wp-json\/wp\/v2\/pages"}],"about":[{"href":"https:\/\/catania.wordcamp.org\/2019\/wp-json\/wp\/v2\/types\/page"}],"author":[{"embeddable":true,"href":"https:\/\/catania.wordcamp.org\/2019\/wp-json\/wp\/v2\/users\/14230601"}],"replies":[{"embeddable":true,"href":"https:\/\/catania.wordcamp.org\/2019\/wp-json\/wp\/v2\/comments?post=11"}],"version-history":[{"count":23,"href":"https:\/\/catania.wordcamp.org\/2019\/wp-json\/wp\/v2\/pages\/11\/revisions"}],"predecessor-version":[{"id":1742,"href":"https:\/\/catania.wordcamp.org\/2019\/wp-json\/wp\/v2\/pages\/11\/revisions\/1742"}],"wp:attachment":[{"href":"https:\/\/catania.wordcamp.org\/2019\/wp-json\/wp\/v2\/media?parent=11"}],"curies":[{"name":"wp","href":"https:\/\/api.w.org\/{rel}","templated":true}]}}